{"id":902,"date":"2018-03-23T18:49:55","date_gmt":"2018-03-23T18:49:55","guid":{"rendered":"https:\/\/www.peterhammerdance.com\/peter-hammer-dance\/"},"modified":"2024-10-23T11:48:26","modified_gmt":"2024-10-23T11:48:26","slug":"peter-hammer-dance","status":"publish","type":"page","link":"https:\/\/www.peterhammerdance.com\/fr\/","title":{"rendered":"PETER HAMMER DANCE"},"content":{"rendered":"<p>[vc_row row_type=\u00a0\u00bbrow\u00a0\u00bb use_row_as_full_screen_section=\u00a0\u00bbyes\u00a0\u00bb type=\u00a0\u00bbfull_width\u00a0\u00bb text_align=\u00a0\u00bbcenter\u00a0\u00bb background_image=\u00a0\u00bb194&Prime; background_animation=\u00a0\u00bbnone\u00a0\u00bb css_animation=\u00a0\u00bb\u00a0\u00bb background_color=\u00a0\u00bbrgba(0,0,0,0.35)\u00a0\u00bb][vc_column][vc_empty_space height=\u00a0\u00bb450&Prime;][vc_column_text]<\/p>\n<p><span style=\"color: #ffffff;\"><\/p>\n&#13;\n<h2 class=\"wp-block-heading\" style=\"text-align: center;\"><span style=\"color: #ffffff;\">Jazz and Tap Dance Instructor<\/span><\/h2>&#13;\n<p><span style=\"color: #ffffff;\"><\/span><\/p><p><!-- \/wp:post-content --><\/span><\/p>\n<p>[\/vc_column_text][vc_column_text]<\/p>\n<p><!-- wp:heading \/--><\/p>\n<p style=\"text-align: center;\"><!-- wp:paragraph --><span style=\"color: #ffffff;\">Plus de 14 ans d&rsquo;exp\u00e9rience dans l&rsquo;enseignement \u00e0 tous les \u00e2ges<\/span><\/p>\n<p><!-- \/wp:paragraph -->[\/vc_column_text][vc_empty_space height=\u00a0\u00bb16&Prime;][vc_empty_space height=\u00a0\u00bb16&Prime;]<a href=\"http:\/\/www.peterhammerdance.com\/about\/\" target=\"_self\"  class=\"qbutton  medium\" style=\"background-color: #fc7b19;\">About Peter<\/a>[vc_empty_space height=\u00a0\u00bb450&Prime;][\/vc_column][\/vc_row][vc_row row_type=\u00a0\u00bbrow\u00a0\u00bb use_row_as_full_screen_section=\u00a0\u00bbyes\u00a0\u00bb type=\u00a0\u00bbgrid\u00a0\u00bb text_align=\u00a0\u00bbleft\u00a0\u00bb background_animation=\u00a0\u00bbnone\u00a0\u00bb css_animation=\u00a0\u00bb\u00a0\u00bb][vc_column][vc_empty_space height=\u00a0\u00bb16&Prime;][vc_column_text]<\/p>\n<h2 class=\"about-title h1\" style=\"text-align: center;\">The Jump Rhythm Technique<\/h2>\n<p>[\/vc_column_text][vc_empty_space height=\u00a0\u00bb16&Prime;][\/vc_column][\/vc_row][vc_row row_type=\u00a0\u00bbrow\u00a0\u00bb use_row_as_full_screen_section=\u00a0\u00bbyes\u00a0\u00bb type=\u00a0\u00bbgrid\u00a0\u00bb text_align=\u00a0\u00bbleft\u00a0\u00bb background_animation=\u00a0\u00bbnone\u00a0\u00bb css_animation=\u00a0\u00bb\u00a0\u00bb][vc_column][vc_column_text]<\/p>\n<div class=\"about-sub-title h4\" style=\"text-align: center;\"><strong>Une nouvelle fa\u00e7on de d\u00e9couvrir le jazz et les claquettes<\/strong><\/div>\n<p>[\/vc_column_text][vc_column_text]<\/p>\n<p class=\"about-desc\" style=\"text-align: center;\"><em>D\u00e9couvrez ce que Jump Rhythm peut faire pour vous :<\/em><\/p>\n<p>[\/vc_column_text][vc_empty_space][\/vc_column][\/vc_row][vc_row row_type=\u00a0\u00bbrow\u00a0\u00bb use_row_as_full_screen_section=\u00a0\u00bbno\u00a0\u00bb type=\u00a0\u00bbgrid\u00a0\u00bb text_align=\u00a0\u00bbcenter\u00a0\u00bb background_animation=\u00a0\u00bbnone\u00a0\u00bb css_animation=\u00a0\u00bb\u00a0\u00bb][vc_column width=\u00a0\u00bb1\/4&Prime;]<div class='q_icon_with_title small circle center'><div class=\"icon_holder \" style=\" \"><div class=\"icon_holder_inner\"><span class=\"fa-stack fa-2x  custom-font\" style=\"color: #fc7b19;background-color: #e0e0e0;\"><i class=\"icon_text_icon fa fa-line-chart fa-stack-1x\"><\/i><\/span><\/div><\/div><div class=\"icon_text_holder\" style=\"\"><div class=\"icon_text_inner\" style=\"\"><h4 class=\"icon_title\" style=\"\">Plus d'\u00e9nergie<\/h4><p style=''>D\u00e9veloppez de meilleures habitudes en vous d\u00e9pla\u00e7ant de la mani\u00e8re dont votre corps a \u00e9t\u00e9 con\u00e7u pour se d\u00e9placer.<\/p><\/div><\/div><\/div>[\/vc_column][vc_column width=\u00a0\u00bb1\/4&Prime;]<div class='q_icon_with_title small circle center'><div class=\"icon_holder \" style=\" \"><div class=\"icon_holder_inner\"><span class=\"fa-stack fa-2x  custom-font\" style=\"color: #fc7b19;background-color: #e0e0e0;\"><i class=\"icon_text_icon fa fa-user-md fa-stack-1x\"><\/i><\/span><\/div><\/div><div class=\"icon_text_holder\" style=\"\"><div class=\"icon_text_inner\" style=\"\"><h4 class=\"icon_title\" style=\"\">Pr\u00e9vention des blessures et r\u00e9cup\u00e9ration<\/h4><p style=''>D\u00e9couvrez la fa\u00e7on la plus naturelle et la plus efficace pour votre corps de bouger.<\/p><\/div><\/div><\/div>[\/vc_column][vc_column width=\u00a0\u00bb1\/4&Prime;]<div class='q_icon_with_title small circle center'><div class=\"icon_holder \" style=\" \"><div class=\"icon_holder_inner\"><span class=\"fa-stack fa-2x  custom-font\" style=\"color: #fc7b19;background-color: #e0e0e0;\"><i class=\"icon_text_icon fa fa-music fa-stack-1x\"><\/i><\/span><\/div><\/div><div class=\"icon_text_holder\" style=\"\"><div class=\"icon_text_inner\" style=\"\"><h4 class=\"icon_title\" style=\"\">Musicalit\u00e9 accrue<\/h4><p style=''>Comprenez mieux la cadence, la dynamique, le phras\u00e9 et bien d'autres choses encore en exprimant vos \u00e9motions par le rythme.<\/p><\/div><\/div><\/div>[\/vc_column][vc_column width=\u00a0\u00bb1\/4&Prime;]<div class='q_icon_with_title small circle center'><div class=\"icon_holder \" style=\" \"><div class=\"icon_holder_inner\"><span class=\"fa-stack fa-2x  custom-font\" style=\"color: #fc7b19;background-color: #e0e0e0;\"><i class=\"icon_text_icon fa fa-star fa-stack-1x\"><\/i><\/span><\/div><\/div><div class=\"icon_text_holder\" style=\"\"><div class=\"icon_text_inner\" style=\"\"><h4 class=\"icon_title\" style=\"\">Comp\u00e9tences transversales<\/h4><p style=''>Appliquer les avantages de cette technique \u00e0 d'autres styles de danse et d'arts du spectacle.<\/p><\/div><\/div><\/div>[\/vc_column][\/vc_row][vc_row row_type=\u00a0\u00bbrow\u00a0\u00bb use_row_as_full_screen_section=\u00a0\u00bbno\u00a0\u00bb type=\u00a0\u00bbfull_width\u00a0\u00bb text_align=\u00a0\u00bbleft\u00a0\u00bb background_animation=\u00a0\u00bbnone\u00a0\u00bb css_animation=\u00a0\u00bb\u00a0\u00bb][vc_column][vc_empty_space][\/vc_column][\/vc_row][vc_row row_type=\u00a0\u00bbrow\u00a0\u00bb use_row_as_full_screen_section=\u00a0\u00bbno\u00a0\u00bb type=\u00a0\u00bbfull_width\u00a0\u00bb text_align=\u00a0\u00bbcenter\u00a0\u00bb background_animation=\u00a0\u00bbnone\u00a0\u00bb css_animation=\u00a0\u00bb\u00a0\u00bb background_color=\u00a0\u00bb#751870&Prime;][vc_column][vc_empty_space height=\u00a0\u00bb64&Prime;][vc_column_text]<\/p>\n<h2 style=\"text-align: center;\">Apprendre plus<\/h2>\n<p>[\/vc_column_text][vc_empty_space height=\u00a0\u00bb16&Prime;][vc_column_text]<\/p>\n<p style=\"text-align: center;\"><span style=\"color: #000000;\">La technique, ses avantages et ce \u00e0 quoi on peut s&rsquo;attendre en classe<\/span><\/p>\n<p>[\/vc_column_text][vc_empty_space]<a href=\"www.peterhammerdance.com\/technique\/\" target=\"_self\"  class=\"qbutton  medium\" style=\"border-color: #ffffff; background-color: #fc7b19;\">THE JUMP RHYTHM TECHNIQUE<\/a>[vc_empty_space height=\u00a0\u00bb64&Prime;][\/vc_column][\/vc_row][vc_row row_type=\u00a0\u00bbrow\u00a0\u00bb use_row_as_full_screen_section=\u00a0\u00bbno\u00a0\u00bb type=\u00a0\u00bbgrid\u00a0\u00bb text_align=\u00a0\u00bbcenter\u00a0\u00bb background_animation=\u00a0\u00bbnone\u00a0\u00bb css_animation=\u00a0\u00bb\u00a0\u00bb border_color=\u00a0\u00bb#9e9e9e\u00a0\u00bb background_color=\u00a0\u00bb#7c7c7c\u00a0\u00bb][vc_column][vc_empty_space][vc_empty_space][vc_column_text]<\/p>\n<h6 class=\"col-md-10 col-md-push-1\" style=\"text-align: center;\"><em>\u00ab\u00a0As a master teacher of Jump Rhythm Technique, he is able to use this pedagogy&rsquo;s rhythm-driven, theatre-driven, people-oriented method of movement training to help students of all skill levels feel personal gratification when expressing music and emotion through their bodies and voices.\u00a0\u00bb<\/em><\/h6>\n<h6 class=\"col-md-10 col-md-push-1\" style=\"text-align: center;\">~ <a href=\"http:\/\/www.jrjp.org\">Billy Siegenfeld, artistic director of Jump Rhythm Jazz Project and founder of the Jump Rhythm Technique<\/a><\/h6>\n<p>[\/vc_column_text][vc_empty_space height=\u00a0\u00bb64&Prime;][\/vc_column][\/vc_row][vc_row row_type=\u00a0\u00bbrow\u00a0\u00bb use_row_as_full_screen_section=\u00a0\u00bbno\u00a0\u00bb type=\u00a0\u00bbfull_width\u00a0\u00bb text_align=\u00a0\u00bbleft\u00a0\u00bb background_animation=\u00a0\u00bbnone\u00a0\u00bb css_animation=\u00a0\u00bb\u00a0\u00bb][vc_column]<div class=\"qode-content-slider\"><div class=\"qode-content-slider-slides qode-owl-slider\" data-enable-navigation=\"no\" data-pagination=\"no\"><\/div><\/div>[\/vc_column][\/vc_row]<\/p>\n","protected":false},"excerpt":{"rendered":"<p>[vc_row row_type=\u00a0\u00bbrow\u00a0\u00bb use_row_as_full_screen_section=\u00a0\u00bbyes\u00a0\u00bb type=\u00a0\u00bbfull_width\u00a0\u00bb text_align=\u00a0\u00bbcenter\u00a0\u00bb background_image=\u00a0\u00bb194&Prime; background_animation=\u00a0\u00bbnone\u00a0\u00bb css_animation=\u00a0\u00bb\u00a0\u00bb background_color=\u00a0\u00bbrgba(0,0,0,0.35)\u00a0\u00bb][vc_column][vc_empty_space height=\u00a0\u00bb450&Prime;][vc_column_text] &#13; Jazz and Tap Dance Instructor &#13; [\/vc_column_text][vc_column_text] Plus de 14 ans d&rsquo;exp\u00e9rience dans l&rsquo;enseignement \u00e0 tous les \u00e2ges [\/vc_column_text][vc_empty_space height=\u00a0\u00bb16&Prime;][vc_empty_space height=\u00a0\u00bb16&Prime;][vc_empty_space height=\u00a0\u00bb450&Prime;][\/vc_column][\/vc_row][vc_row row_type=\u00a0\u00bbrow\u00a0\u00bb use_row_as_full_screen_section=\u00a0\u00bbyes\u00a0\u00bb type=\u00a0\u00bbgrid\u00a0\u00bb text_align=\u00a0\u00bbleft\u00a0\u00bb background_animation=\u00a0\u00bbnone\u00a0\u00bb css_animation=\u00a0\u00bb\u00a0\u00bb][vc_column][vc_empty_space height=\u00a0\u00bb16&Prime;][vc_column_text] The Jump Rhythm Technique [\/vc_column_text][vc_empty_space&#8230;<\/p>\n","protected":false},"author":2,"featured_media":0,"parent":0,"menu_order":0,"comment_status":"closed","ping_status":"closed","template":"","meta":{"footnotes":""},"class_list":["post-902","page","type-page","status-publish","hentry"],"yoast_head":"<!-- This site is optimized with the Yoast SEO plugin v25.3.1 - https:\/\/yoast.com\/wordpress\/plugins\/seo\/ -->\n<title>PETER HAMMER DANCE - Peter Hammer Dance<\/title>\n<meta name=\"robots\" content=\"index, follow, max-snippet:-1, max-image-preview:large, max-video-preview:-1\" \/>\n<link rel=\"canonical\" href=\"https:\/\/www.peterhammerdance.com\/fr\/\" \/>\n<meta property=\"og:locale\" content=\"fr_FR\" \/>\n<meta property=\"og:type\" content=\"article\" \/>\n<meta property=\"og:title\" content=\"PETER HAMMER DANCE - Peter Hammer Dance\" \/>\n<meta property=\"og:description\" content=\"[vc_row row_type=\u00a0\u00bbrow\u00a0\u00bb use_row_as_full_screen_section=\u00a0\u00bbyes\u00a0\u00bb type=\u00a0\u00bbfull_width\u00a0\u00bb text_align=\u00a0\u00bbcenter\u00a0\u00bb background_image=\u00a0\u00bb194&Prime; background_animation=\u00a0\u00bbnone\u00a0\u00bb css_animation=\u00a0\u00bb\u00a0\u00bb background_color=\u00a0\u00bbrgba(0,0,0,0.35)\u00a0\u00bb][vc_column][vc_empty_space height=\u00a0\u00bb450&Prime;][vc_column_text] &#013; Jazz and Tap Dance Instructor &#013; [\/vc_column_text][vc_column_text] Plus de 14 ans d&rsquo;exp\u00e9rience dans l&rsquo;enseignement \u00e0 tous les \u00e2ges [\/vc_column_text][vc_empty_space height=\u00a0\u00bb16&Prime;][vc_empty_space height=\u00a0\u00bb16&Prime;][vc_empty_space height=\u00a0\u00bb450&Prime;][\/vc_column][\/vc_row][vc_row row_type=\u00a0\u00bbrow\u00a0\u00bb use_row_as_full_screen_section=\u00a0\u00bbyes\u00a0\u00bb type=\u00a0\u00bbgrid\u00a0\u00bb text_align=\u00a0\u00bbleft\u00a0\u00bb background_animation=\u00a0\u00bbnone\u00a0\u00bb css_animation=\u00a0\u00bb\u00a0\u00bb][vc_column][vc_empty_space height=\u00a0\u00bb16&Prime;][vc_column_text] The Jump Rhythm Technique [\/vc_column_text][vc_empty_space...\" \/>\n<meta property=\"og:url\" content=\"https:\/\/www.peterhammerdance.com\/fr\/\" \/>\n<meta property=\"og:site_name\" content=\"Peter Hammer Dance\" \/>\n<meta property=\"article:modified_time\" content=\"2024-10-23T11:48:26+00:00\" \/>\n<meta name=\"twitter:card\" content=\"summary_large_image\" \/>\n<meta name=\"twitter:label1\" content=\"Dur\u00e9e de lecture estim\u00e9e\" \/>\n\t<meta name=\"twitter:data1\" content=\"4 minutes\" \/>\n<script type=\"application\/ld+json\" class=\"yoast-schema-graph\">{\"@context\":\"https:\/\/schema.org\",\"@graph\":[{\"@type\":\"WebPage\",\"@id\":\"https:\/\/www.peterhammerdance.com\/fr\/\",\"url\":\"https:\/\/www.peterhammerdance.com\/fr\/\",\"name\":\"PETER HAMMER DANCE - Peter Hammer Dance\",\"isPartOf\":{\"@id\":\"https:\/\/www.peterhammerdance.com\/fr\/#website\"},\"datePublished\":\"2018-03-23T18:49:55+00:00\",\"dateModified\":\"2024-10-23T11:48:26+00:00\",\"breadcrumb\":{\"@id\":\"https:\/\/www.peterhammerdance.com\/fr\/#breadcrumb\"},\"inLanguage\":\"fr-FR\",\"potentialAction\":[{\"@type\":\"ReadAction\",\"target\":[\"https:\/\/www.peterhammerdance.com\/fr\/\"]}]},{\"@type\":\"BreadcrumbList\",\"@id\":\"https:\/\/www.peterhammerdance.com\/fr\/#breadcrumb\",\"itemListElement\":[{\"@type\":\"ListItem\",\"position\":1,\"name\":\"Home\",\"item\":\"https:\/\/www.peterhammerdance.com\/fr\/peter-hammer-dance\/\"},{\"@type\":\"ListItem\",\"position\":2,\"name\":\"PETER HAMMER DANCE\"}]},{\"@type\":\"WebSite\",\"@id\":\"https:\/\/www.peterhammerdance.com\/fr\/#website\",\"url\":\"https:\/\/www.peterhammerdance.com\/fr\/\",\"name\":\"Peter Hammer Dance\",\"description\":\"Teaching the Jump Rhythm technique in tap and jazz dance\",\"potentialAction\":[{\"@type\":\"SearchAction\",\"target\":{\"@type\":\"EntryPoint\",\"urlTemplate\":\"https:\/\/www.peterhammerdance.com\/fr\/?s={search_term_string}\"},\"query-input\":{\"@type\":\"PropertyValueSpecification\",\"valueRequired\":true,\"valueName\":\"search_term_string\"}}],\"inLanguage\":\"fr-FR\"}]}<\/script>\n<!-- \/ Yoast SEO plugin. -->","yoast_head_json":{"title":"PETER HAMMER DANCE - Peter Hammer Dance","robots":{"index":"index","follow":"follow","max-snippet":"max-snippet:-1","max-image-preview":"max-image-preview:large","max-video-preview":"max-video-preview:-1"},"canonical":"https:\/\/www.peterhammerdance.com\/fr\/","og_locale":"fr_FR","og_type":"article","og_title":"PETER HAMMER DANCE - Peter Hammer Dance","og_description":"[vc_row row_type=\u00a0\u00bbrow\u00a0\u00bb use_row_as_full_screen_section=\u00a0\u00bbyes\u00a0\u00bb type=\u00a0\u00bbfull_width\u00a0\u00bb text_align=\u00a0\u00bbcenter\u00a0\u00bb background_image=\u00a0\u00bb194&Prime; background_animation=\u00a0\u00bbnone\u00a0\u00bb css_animation=\u00a0\u00bb\u00a0\u00bb background_color=\u00a0\u00bbrgba(0,0,0,0.35)\u00a0\u00bb][vc_column][vc_empty_space height=\u00a0\u00bb450&Prime;][vc_column_text] &#13; Jazz and Tap Dance Instructor &#13; [\/vc_column_text][vc_column_text] Plus de 14 ans d&rsquo;exp\u00e9rience dans l&rsquo;enseignement \u00e0 tous les \u00e2ges [\/vc_column_text][vc_empty_space height=\u00a0\u00bb16&Prime;][vc_empty_space height=\u00a0\u00bb16&Prime;][vc_empty_space height=\u00a0\u00bb450&Prime;][\/vc_column][\/vc_row][vc_row row_type=\u00a0\u00bbrow\u00a0\u00bb use_row_as_full_screen_section=\u00a0\u00bbyes\u00a0\u00bb type=\u00a0\u00bbgrid\u00a0\u00bb text_align=\u00a0\u00bbleft\u00a0\u00bb background_animation=\u00a0\u00bbnone\u00a0\u00bb css_animation=\u00a0\u00bb\u00a0\u00bb][vc_column][vc_empty_space height=\u00a0\u00bb16&Prime;][vc_column_text] The Jump Rhythm Technique [\/vc_column_text][vc_empty_space...","og_url":"https:\/\/www.peterhammerdance.com\/fr\/","og_site_name":"Peter Hammer Dance","article_modified_time":"2024-10-23T11:48:26+00:00","twitter_card":"summary_large_image","twitter_misc":{"Dur\u00e9e de lecture estim\u00e9e":"4 minutes"},"schema":{"@context":"https:\/\/schema.org","@graph":[{"@type":"WebPage","@id":"https:\/\/www.peterhammerdance.com\/fr\/","url":"https:\/\/www.peterhammerdance.com\/fr\/","name":"PETER HAMMER DANCE - Peter Hammer Dance","isPartOf":{"@id":"https:\/\/www.peterhammerdance.com\/fr\/#website"},"datePublished":"2018-03-23T18:49:55+00:00","dateModified":"2024-10-23T11:48:26+00:00","breadcrumb":{"@id":"https:\/\/www.peterhammerdance.com\/fr\/#breadcrumb"},"inLanguage":"fr-FR","potentialAction":[{"@type":"ReadAction","target":["https:\/\/www.peterhammerdance.com\/fr\/"]}]},{"@type":"BreadcrumbList","@id":"https:\/\/www.peterhammerdance.com\/fr\/#breadcrumb","itemListElement":[{"@type":"ListItem","position":1,"name":"Home","item":"https:\/\/www.peterhammerdance.com\/fr\/peter-hammer-dance\/"},{"@type":"ListItem","position":2,"name":"PETER HAMMER DANCE"}]},{"@type":"WebSite","@id":"https:\/\/www.peterhammerdance.com\/fr\/#website","url":"https:\/\/www.peterhammerdance.com\/fr\/","name":"Peter Hammer Dance","description":"Teaching the Jump Rhythm technique in tap and jazz dance","potentialAction":[{"@type":"SearchAction","target":{"@type":"EntryPoint","urlTemplate":"https:\/\/www.peterhammerdance.com\/fr\/?s={search_term_string}"},"query-input":{"@type":"PropertyValueSpecification","valueRequired":true,"valueName":"search_term_string"}}],"inLanguage":"fr-FR"}]}},"_links":{"self":[{"href":"https:\/\/www.peterhammerdance.com\/fr\/wp-json\/wp\/v2\/pages\/902","targetHints":{"allow":["GET"]}}],"collection":[{"href":"https:\/\/www.peterhammerdance.com\/fr\/wp-json\/wp\/v2\/pages"}],"about":[{"href":"https:\/\/www.peterhammerdance.com\/fr\/wp-json\/wp\/v2\/types\/page"}],"author":[{"embeddable":true,"href":"https:\/\/www.peterhammerdance.com\/fr\/wp-json\/wp\/v2\/users\/2"}],"replies":[{"embeddable":true,"href":"https:\/\/www.peterhammerdance.com\/fr\/wp-json\/wp\/v2\/comments?post=902"}],"version-history":[{"count":1,"href":"https:\/\/www.peterhammerdance.com\/fr\/wp-json\/wp\/v2\/pages\/902\/revisions"}],"predecessor-version":[{"id":903,"href":"https:\/\/www.peterhammerdance.com\/fr\/wp-json\/wp\/v2\/pages\/902\/revisions\/903"}],"wp:attachment":[{"href":"https:\/\/www.peterhammerdance.com\/fr\/wp-json\/wp\/v2\/media?parent=902"}],"curies":[{"name":"wp","href":"https:\/\/api.w.org\/{rel}","templated":true}]}}