{"id":897,"date":"2019-02-14T16:24:05","date_gmt":"2019-02-14T16:24:05","guid":{"rendered":"https:\/\/www.peterhammerdance.com\/cours-et-ateliers\/details-des-ateliers\/"},"modified":"2024-10-23T11:42:33","modified_gmt":"2024-10-23T11:42:33","slug":"details-des-ateliers","status":"publish","type":"page","link":"https:\/\/www.peterhammerdance.com\/fr\/cours-et-ateliers\/details-des-ateliers\/","title":{"rendered":"D\u00e9tails des ateliers"},"content":{"rendered":"<p>[vc_row row_type=\u00a0\u00bbrow\u00a0\u00bb use_row_as_full_screen_section=\u00a0\u00bbno\u00a0\u00bb type=\u00a0\u00bbgrid\u00a0\u00bb text_align=\u00a0\u00bbleft\u00a0\u00bb background_animation=\u00a0\u00bbnone\u00a0\u00bb css_animation=\u00a0\u00bb\u00a0\u00bb][vc_column][vc_empty_space height=\u00a0\u00bb120&Prime;][vc_column_text]<\/p>\n<p><!-- \/wp:post-content --><\/p>\n<p><!-- wp:heading {\"level\":3} --><\/p>\n<h3 style=\"text-align: left;\">Stages \u00e0 venir<\/h3>\n<p>2024-2025 d\u00e9marre ! Revenez r\u00e9guli\u00e8rement sur le site pour vous tenir au courant des ateliers qui seront programm\u00e9s tout au long de l&rsquo;ann\u00e9e. <\/p>\n<p>&nbsp;<\/p>\n<h4><strong>Jump into the Shim-Sham<br \/><\/strong><\/h4>\n<p><strong>Quand <\/strong>: Dimanche 17 novembre 2024<\/p>\n<p>Heure : 14h30 \u2013 17h30<\/p>\n<p>Quoi : Rejoignez-nous pour \u00ab Jump into The Shim-Sham \u00bb, un atelier de claquettes dynamique o\u00f9 vous ma\u00eetriserez la routine classique en utilisant la Jump Rhythm Technique\u00ae. Sous la direction experte de Peter Hammer, vous apprendrez la routine embl\u00e9matique du Shim-Sham, un standard de claquettes semblable \u00e0 un standard de jazz pour les musiciens, utilis\u00e9 pour cl\u00f4turer les spectacles de claquettes dans le monde entier. Cet atelier de 3 heures couvre tous les pas de base, les motifs et les structures n\u00e9cessaires pour ex\u00e9cuter le Shim-Sham avec confiance et flair.  <\/p>\n<div id=\"comp-l5nypzy0\" class=\"HcOXKn c9GqVL QxJLC3 lq2cno comp-l5nypzy0 wixui-rich-text\" data-testid=\"richTextElement\">\n<ul class=\"font_8\">\n<li>\n<p class=\"font_8\"><strong>Qui:<\/strong> Parfait pour les participants de tous niveaux, qu&rsquo;ils soient d\u00e9butants ou exp\u00e9riment\u00e9s. (12 ans et plus)<\/p>\n<\/li>\n<li>\n<p class=\"font_8\"><strong>Exp\u00e9rience requise<\/strong> : Aucune exp\u00e9rience pr\u00e9alable en claquettes n&rsquo;est requise &#8211; juste la volont\u00e9 d&rsquo;apprendre et de s&rsquo;amuser.<\/p>\n<\/li>\n<li>\n<p class=\"font_8\"><strong>Mat\u00e9riel n\u00e9cessaire <\/strong>: Les chaussures de claquettes sont recommand\u00e9es mais pas obligatoires. Des chaussures propres \u00e0 semelle non collante pour l&rsquo;int\u00e9rieur, ou m\u00eame des bas, sont acceptables.<\/p>\n<\/li>\n<li>\n<p class=\"font_8\"><strong>Ce que vous apprendrez:<\/strong> La routine Shim-Sham : Ma\u00eetrisez cette routine classique de claquettes utilis\u00e9e pour cl\u00f4turer les spectacles dans le monde entier.<br \/><strong>Jump Rhythm Technique\u00ae:<\/strong> Apprenez comment cette technique uniquement am\u00e9ricaine peut \u00eatre utilis\u00e9e pour am\u00e9liorer votre rythme, votre synchronisation et l&rsquo;expression g\u00e9n\u00e9rale de votre danse.<br \/><strong>Pas et figures de base :<\/strong> Couvrez tous les pas de base, les motifs et les structures n\u00e9cessaires pour ex\u00e9cuter le Shim-Sham avec confiance et brio.<\/p>\n<\/li>\n<li>\n<p class=\"font_8\"><strong>Conseils d&rsquo;experts <\/strong>: Recevez l&rsquo;enseignement de Peter Hammer, un expert renomm\u00e9 de la danse \u00e0 claquettes.<\/p>\n<\/li>\n<li>\n<p class=\"font_8\"><strong>Un environnement stimulant:<\/strong> Rencontrez d&rsquo;autres passionn\u00e9s de danse dans le cadre d&rsquo;un atelier dynamique et encourageant.<\/p>\n<\/li>\n<\/ul>\n<\/div>\n<p><strong>Ou<\/strong>: <span class=\"wixui-rich-text__text\">6 Bd des \u00c9coles, 31820 Pibrac<\/span><br \/><strong>Qui<\/strong>: 12+ tout niveau d&rsquo;exp\u00e9rience <br \/><strong>Tarif<\/strong>: 30,00\u20ac Non-Membres \/ 25,00\u20ac Membres<\/p>\n<p>R\u00e9servez votre place d\u00e8s maintenant !<\/p>\n<p> <a href=\"https:\/\/www.tma31.fr\/enrol-me\"><span style=\"text-decoration: underline;\">Inscrivez-vous ici<\/span><\/a><\/p>\n<p>&nbsp;<\/p>\n<p>&nbsp;<\/p>\n<p>&nbsp;<\/p>\n<p>[\/vc_column_text][vc_empty_space][\/vc_column][\/vc_row]<\/p>\n","protected":false},"excerpt":{"rendered":"<p>[vc_row row_type=\u00a0\u00bbrow\u00a0\u00bb use_row_as_full_screen_section=\u00a0\u00bbno\u00a0\u00bb type=\u00a0\u00bbgrid\u00a0\u00bb text_align=\u00a0\u00bbleft\u00a0\u00bb background_animation=\u00a0\u00bbnone\u00a0\u00bb css_animation=\u00a0\u00bb\u00a0\u00bb][vc_column][vc_empty_space height=\u00a0\u00bb120&Prime;][vc_column_text] Stages \u00e0 venir 2024-2025 d\u00e9marre ! Revenez r\u00e9guli\u00e8rement sur le site pour vous tenir au courant des ateliers qui seront programm\u00e9s tout au long de l&rsquo;ann\u00e9e. &nbsp; Jump into the Shim-Sham Quand : Dimanche 17 novembre 2024&#8230;<\/p>\n","protected":false},"author":2,"featured_media":0,"parent":887,"menu_order":0,"comment_status":"closed","ping_status":"closed","template":"","meta":{"footnotes":""},"class_list":["post-897","page","type-page","status-publish","hentry"],"yoast_head":"<!-- This site is optimized with the Yoast SEO plugin v25.3.1 - https:\/\/yoast.com\/wordpress\/plugins\/seo\/ -->\n<title>D\u00e9tails des ateliers - Peter Hammer Dance<\/title>\n<meta name=\"robots\" content=\"index, follow, max-snippet:-1, max-image-preview:large, max-video-preview:-1\" \/>\n<link rel=\"canonical\" href=\"https:\/\/www.peterhammerdance.com\/fr\/cours-et-ateliers\/details-des-ateliers\/\" \/>\n<meta property=\"og:locale\" content=\"fr_FR\" \/>\n<meta property=\"og:type\" content=\"article\" \/>\n<meta property=\"og:title\" content=\"D\u00e9tails des ateliers - Peter Hammer Dance\" \/>\n<meta property=\"og:description\" content=\"[vc_row row_type=\u00a0\u00bbrow\u00a0\u00bb use_row_as_full_screen_section=\u00a0\u00bbno\u00a0\u00bb type=\u00a0\u00bbgrid\u00a0\u00bb text_align=\u00a0\u00bbleft\u00a0\u00bb background_animation=\u00a0\u00bbnone\u00a0\u00bb css_animation=\u00a0\u00bb\u00a0\u00bb][vc_column][vc_empty_space height=\u00a0\u00bb120&Prime;][vc_column_text] Stages \u00e0 venir 2024-2025 d\u00e9marre ! Revenez r\u00e9guli\u00e8rement sur le site pour vous tenir au courant des ateliers qui seront programm\u00e9s tout au long de l&rsquo;ann\u00e9e. &nbsp; Jump into the Shim-Sham Quand : Dimanche 17 novembre 2024...\" \/>\n<meta property=\"og:url\" content=\"https:\/\/www.peterhammerdance.com\/fr\/cours-et-ateliers\/details-des-ateliers\/\" \/>\n<meta property=\"og:site_name\" content=\"Peter Hammer Dance\" \/>\n<meta property=\"article:modified_time\" content=\"2024-10-23T11:42:33+00:00\" \/>\n<meta name=\"twitter:card\" content=\"summary_large_image\" \/>\n<meta name=\"twitter:label1\" content=\"Dur\u00e9e de lecture estim\u00e9e\" \/>\n\t<meta name=\"twitter:data1\" content=\"2 minutes\" \/>\n<script type=\"application\/ld+json\" class=\"yoast-schema-graph\">{\"@context\":\"https:\/\/schema.org\",\"@graph\":[{\"@type\":\"WebPage\",\"@id\":\"https:\/\/www.peterhammerdance.com\/fr\/cours-et-ateliers\/details-des-ateliers\/\",\"url\":\"https:\/\/www.peterhammerdance.com\/fr\/cours-et-ateliers\/details-des-ateliers\/\",\"name\":\"D\u00e9tails des ateliers - Peter Hammer Dance\",\"isPartOf\":{\"@id\":\"https:\/\/www.peterhammerdance.com\/fr\/#website\"},\"datePublished\":\"2019-02-14T16:24:05+00:00\",\"dateModified\":\"2024-10-23T11:42:33+00:00\",\"breadcrumb\":{\"@id\":\"https:\/\/www.peterhammerdance.com\/fr\/cours-et-ateliers\/details-des-ateliers\/#breadcrumb\"},\"inLanguage\":\"fr-FR\",\"potentialAction\":[{\"@type\":\"ReadAction\",\"target\":[\"https:\/\/www.peterhammerdance.com\/fr\/cours-et-ateliers\/details-des-ateliers\/\"]}]},{\"@type\":\"BreadcrumbList\",\"@id\":\"https:\/\/www.peterhammerdance.com\/fr\/cours-et-ateliers\/details-des-ateliers\/#breadcrumb\",\"itemListElement\":[{\"@type\":\"ListItem\",\"position\":1,\"name\":\"Home\",\"item\":\"https:\/\/www.peterhammerdance.com\/fr\/peter-hammer-dance\/\"},{\"@type\":\"ListItem\",\"position\":2,\"name\":\"Cours et Ateliers\",\"item\":\"https:\/\/www.peterhammerdance.com\/fr\/cours-et-ateliers\/\"},{\"@type\":\"ListItem\",\"position\":3,\"name\":\"D\u00e9tails des ateliers\"}]},{\"@type\":\"WebSite\",\"@id\":\"https:\/\/www.peterhammerdance.com\/fr\/#website\",\"url\":\"https:\/\/www.peterhammerdance.com\/fr\/\",\"name\":\"Peter Hammer Dance\",\"description\":\"Teaching the Jump Rhythm technique in tap and jazz dance\",\"potentialAction\":[{\"@type\":\"SearchAction\",\"target\":{\"@type\":\"EntryPoint\",\"urlTemplate\":\"https:\/\/www.peterhammerdance.com\/fr\/?s={search_term_string}\"},\"query-input\":{\"@type\":\"PropertyValueSpecification\",\"valueRequired\":true,\"valueName\":\"search_term_string\"}}],\"inLanguage\":\"fr-FR\"}]}<\/script>\n<!-- \/ Yoast SEO plugin. -->","yoast_head_json":{"title":"D\u00e9tails des ateliers - Peter Hammer Dance","robots":{"index":"index","follow":"follow","max-snippet":"max-snippet:-1","max-image-preview":"max-image-preview:large","max-video-preview":"max-video-preview:-1"},"canonical":"https:\/\/www.peterhammerdance.com\/fr\/cours-et-ateliers\/details-des-ateliers\/","og_locale":"fr_FR","og_type":"article","og_title":"D\u00e9tails des ateliers - Peter Hammer Dance","og_description":"[vc_row row_type=\u00a0\u00bbrow\u00a0\u00bb use_row_as_full_screen_section=\u00a0\u00bbno\u00a0\u00bb type=\u00a0\u00bbgrid\u00a0\u00bb text_align=\u00a0\u00bbleft\u00a0\u00bb background_animation=\u00a0\u00bbnone\u00a0\u00bb css_animation=\u00a0\u00bb\u00a0\u00bb][vc_column][vc_empty_space height=\u00a0\u00bb120&Prime;][vc_column_text] Stages \u00e0 venir 2024-2025 d\u00e9marre ! Revenez r\u00e9guli\u00e8rement sur le site pour vous tenir au courant des ateliers qui seront programm\u00e9s tout au long de l&rsquo;ann\u00e9e. &nbsp; Jump into the Shim-Sham Quand : Dimanche 17 novembre 2024...","og_url":"https:\/\/www.peterhammerdance.com\/fr\/cours-et-ateliers\/details-des-ateliers\/","og_site_name":"Peter Hammer Dance","article_modified_time":"2024-10-23T11:42:33+00:00","twitter_card":"summary_large_image","twitter_misc":{"Dur\u00e9e de lecture estim\u00e9e":"2 minutes"},"schema":{"@context":"https:\/\/schema.org","@graph":[{"@type":"WebPage","@id":"https:\/\/www.peterhammerdance.com\/fr\/cours-et-ateliers\/details-des-ateliers\/","url":"https:\/\/www.peterhammerdance.com\/fr\/cours-et-ateliers\/details-des-ateliers\/","name":"D\u00e9tails des ateliers - Peter Hammer Dance","isPartOf":{"@id":"https:\/\/www.peterhammerdance.com\/fr\/#website"},"datePublished":"2019-02-14T16:24:05+00:00","dateModified":"2024-10-23T11:42:33+00:00","breadcrumb":{"@id":"https:\/\/www.peterhammerdance.com\/fr\/cours-et-ateliers\/details-des-ateliers\/#breadcrumb"},"inLanguage":"fr-FR","potentialAction":[{"@type":"ReadAction","target":["https:\/\/www.peterhammerdance.com\/fr\/cours-et-ateliers\/details-des-ateliers\/"]}]},{"@type":"BreadcrumbList","@id":"https:\/\/www.peterhammerdance.com\/fr\/cours-et-ateliers\/details-des-ateliers\/#breadcrumb","itemListElement":[{"@type":"ListItem","position":1,"name":"Home","item":"https:\/\/www.peterhammerdance.com\/fr\/peter-hammer-dance\/"},{"@type":"ListItem","position":2,"name":"Cours et Ateliers","item":"https:\/\/www.peterhammerdance.com\/fr\/cours-et-ateliers\/"},{"@type":"ListItem","position":3,"name":"D\u00e9tails des ateliers"}]},{"@type":"WebSite","@id":"https:\/\/www.peterhammerdance.com\/fr\/#website","url":"https:\/\/www.peterhammerdance.com\/fr\/","name":"Peter Hammer Dance","description":"Teaching the Jump Rhythm technique in tap and jazz dance","potentialAction":[{"@type":"SearchAction","target":{"@type":"EntryPoint","urlTemplate":"https:\/\/www.peterhammerdance.com\/fr\/?s={search_term_string}"},"query-input":{"@type":"PropertyValueSpecification","valueRequired":true,"valueName":"search_term_string"}}],"inLanguage":"fr-FR"}]}},"_links":{"self":[{"href":"https:\/\/www.peterhammerdance.com\/fr\/wp-json\/wp\/v2\/pages\/897","targetHints":{"allow":["GET"]}}],"collection":[{"href":"https:\/\/www.peterhammerdance.com\/fr\/wp-json\/wp\/v2\/pages"}],"about":[{"href":"https:\/\/www.peterhammerdance.com\/fr\/wp-json\/wp\/v2\/types\/page"}],"author":[{"embeddable":true,"href":"https:\/\/www.peterhammerdance.com\/fr\/wp-json\/wp\/v2\/users\/2"}],"replies":[{"embeddable":true,"href":"https:\/\/www.peterhammerdance.com\/fr\/wp-json\/wp\/v2\/comments?post=897"}],"version-history":[{"count":2,"href":"https:\/\/www.peterhammerdance.com\/fr\/wp-json\/wp\/v2\/pages\/897\/revisions"}],"predecessor-version":[{"id":900,"href":"https:\/\/www.peterhammerdance.com\/fr\/wp-json\/wp\/v2\/pages\/897\/revisions\/900"}],"up":[{"embeddable":true,"href":"https:\/\/www.peterhammerdance.com\/fr\/wp-json\/wp\/v2\/pages\/887"}],"wp:attachment":[{"href":"https:\/\/www.peterhammerdance.com\/fr\/wp-json\/wp\/v2\/media?parent=897"}],"curies":[{"name":"wp","href":"https:\/\/api.w.org\/{rel}","templated":true}]}}