{"id":883,"date":"2018-01-11T11:54:08","date_gmt":"2018-01-11T11:54:08","guid":{"rendered":"https:\/\/www.peterhammerdance.com\/technique\/"},"modified":"2024-09-06T11:05:29","modified_gmt":"2024-09-06T11:05:29","slug":"technique","status":"publish","type":"page","link":"https:\/\/www.peterhammerdance.com\/fr\/technique\/","title":{"rendered":"Technique"},"content":{"rendered":"<p>[vc_row row_type=\u00a0\u00bbrow\u00a0\u00bb use_row_as_full_screen_section=\u00a0\u00bbno\u00a0\u00bb type=\u00a0\u00bbfull_width\u00a0\u00bb text_align=\u00a0\u00bbcenter\u00a0\u00bb background_animation=\u00a0\u00bbnone\u00a0\u00bb css_animation=\u00a0\u00bb\u00a0\u00bb][vc_column][vc_single_image image=\u00a0\u00bb92&Prime; img_size=\u00a0\u00bbfull\u00a0\u00bb alignment=\u00a0\u00bbcenter\u00a0\u00bb qode_css_animation=\u00a0\u00bb\u00a0\u00bb][\/vc_column][\/vc_row][vc_row row_type=\u00a0\u00bbrow\u00a0\u00bb use_row_as_full_screen_section=\u00a0\u00bbno\u00a0\u00bb type=\u00a0\u00bbgrid\u00a0\u00bb text_align=\u00a0\u00bbleft\u00a0\u00bb background_animation=\u00a0\u00bbnone\u00a0\u00bb css_animation=\u00a0\u00bb\u00a0\u00bb][vc_column][vc_row_inner row_type=\u00a0\u00bbrow\u00a0\u00bb type=\u00a0\u00bbfull_width\u00a0\u00bb use_row_as_full_screen_section_slide=\u00a0\u00bbno\u00a0\u00bb text_align=\u00a0\u00bbleft\u00a0\u00bb css_animation=\u00a0\u00bb\u00a0\u00bb][vc_column_inner][vc_empty_space][\/vc_column_inner][\/vc_row_inner][vc_column_text]<\/p>\n<\/p>\n<h2 style=\"text-align: center;\">Pr\u00e9sentation de la technique du rythme de saut<\/h2>\n<p>&nbsp;<\/p>\n<p>D\u00e9couvrez une nouvelle fa\u00e7on de bouger et de vivre le rythme !<br \/>\nLa Jump Rhythm\u00ae Jazz Technique est une forme unique de danse rythmique am\u00e9ricaine qui a \u00e9t\u00e9 qualifi\u00e9e de \u00ab\u00a0premi\u00e8re v\u00e9ritable technique de jazz en 40 ans\u00a0\u00bb (Dancer magazine, 1998).<br \/>\nCr\u00e9\u00e9e par Billy Siegenfeld, cette technique combine des vocalisations du rythme (plus connues sous le nom de \u00ab\u00a0scat singing\u00a0\u00bb) avec des percussions corporelles, des claquettes et des mouvements bas\u00e9s sur la structure anatomique du corps et ses alignements naturels.<br \/>\nComme les danseurs travaillent dans le cadre naturel du mouvement et de la structure du corps, les blessures sont moins probables et les danseurs peuvent prolonger leurs ann\u00e9es de danse.<br \/>\n(Siegenfeld, le fondateur, danse encore professionnellement dans la soixantaine !)<br \/>\nLes danseurs qui s&rsquo;inspirent de cette technique sont libres d&rsquo;utiliser les mouvements du corps et le rythme pour raconter des histoires sans langage, pour mettre l&rsquo;accent sur une danse ax\u00e9e sur l&rsquo;\u00e9motion et la narration.     <\/p>\n<p>&nbsp;<\/p>\n<p>&nbsp;<\/p>\n<blockquote>\n<p>\u00c0 quoi ressemble le Jump Rhythm ?<br \/>\nCombinez les techniques de jazz et de claquettes de Fred Astaire, des Nicholas Brothers et de Gene Kelly avec le chant scat d&rsquo;Ella Fitzgerald et de Louis Armstrong, ajoutez une pinc\u00e9e de percussions corporelles et secouez le tout avec de la musique (de George Gershwin \u00e0 Jessie J), et vous commencerez \u00e0 avoir une id\u00e9e de ce que vous vivrez ! <\/p>\n<\/blockquote>\n<p>[\/vc_column_text][vc_row_inner row_type=\u00a0\u00bbrow\u00a0\u00bb type=\u00a0\u00bbfull_width\u00a0\u00bb use_row_as_full_screen_section_slide=\u00a0\u00bbno\u00a0\u00bb text_align=\u00a0\u00bbleft\u00a0\u00bb css_animation=\u00a0\u00bb\u00a0\u00bb][vc_column_inner][vc_empty_space][\/vc_column_inner][\/vc_row_inner][\/vc_column][\/vc_row][vc_row row_type=\u00a0\u00bbrow\u00a0\u00bb use_row_as_full_screen_section=\u00a0\u00bbno\u00a0\u00bb type=\u00a0\u00bbfull_width\u00a0\u00bb text_align=\u00a0\u00bbcenter\u00a0\u00bb background_animation=\u00a0\u00bbnone\u00a0\u00bb css_animation=\u00a0\u00bb\u00a0\u00bb][vc_column][vc_single_image image=\u00a0\u00bb93&Prime; img_size=\u00a0\u00bb900&#215;601&Prime; alignment=\u00a0\u00bbcenter\u00a0\u00bb qode_css_animation=\u00a0\u00bb\u00a0\u00bb][vc_row_inner row_type=\u00a0\u00bbrow\u00a0\u00bb type=\u00a0\u00bbfull_width\u00a0\u00bb use_row_as_full_screen_section_slide=\u00a0\u00bbno\u00a0\u00bb text_align=\u00a0\u00bbleft\u00a0\u00bb css_animation=\u00a0\u00bb\u00a0\u00bb][vc_column_inner][vc_empty_space][\/vc_column_inner][\/vc_row_inner][\/vc_column][\/vc_row][vc_row row_type=\u00a0\u00bbrow\u00a0\u00bb use_row_as_full_screen_section=\u00a0\u00bbno\u00a0\u00bb type=\u00a0\u00bbfull_width\u00a0\u00bb text_align=\u00a0\u00bbleft\u00a0\u00bb background_animation=\u00a0\u00bbnone\u00a0\u00bb css_animation=\u00a0\u00bb\u00a0\u00bb][vc_column][vc_column_text]<\/p>\n<\/p>\n<h2 style=\"text-align: center;\">What does a Jump Rhythm class look like?<\/h2>\n<p>&nbsp;<\/p>\n<p><!-- \/wp:post-content --><\/p>\n<p><!-- wp:paragraph -->Each Jump Rhythm Technique class is focused on getting the energy inside of us out! In Jump Rhythm Jazz classes, we focus on how to express rhythm through the entire body. In Jump Rhythm Tap, we focus more on the feet (obviously!) and will build on the foundations of energy expressed rhythmically first. When we say \u201crhythm first,\u201d we mean it! Before we start dancing, we prepare our bodies for movement by \u201cscat\u201d singing the rhythms to help us internalize the energy and direct it from our core. A typical class will start of will scat singing in a group, lead by the teacher, usually in a circle or half circle. This builds into the opening movement exercises designed to focus the dancer on moving with energy and a specific rhythm, not worrying about their \u00ab\u00a0look\u00a0\u00bb or the shape that their bodies are making.<\/p>\n<p>&nbsp;<\/p>\n<p><!-- \/wp:paragraph --><\/p>\n<p><!-- wp:paragraph -->Each class period will focus on a particular aspect of Jump Rhythm and expand on these basics. Throughout the class, we will build our understanding of musicality, discuss the different approaches to movement, look at the anatomy of the human body and how it is designed to move, qualities of movement, postural habits, injury prevention, and more. During the exercises we will discuss certain elements relating to the focus of that class, and how they specifically relate to what we are doing. Usually the class concludes with learning choreography, either from the Jump Rhythm Jazz Project company repertoire or from a new piece.<\/p>\n<p>[\/vc_column_text][vc_row_inner row_type=\u00a0\u00bbrow\u00a0\u00bb type=\u00a0\u00bbfull_width\u00a0\u00bb use_row_as_full_screen_section_slide=\u00a0\u00bbno\u00a0\u00bb text_align=\u00a0\u00bbleft\u00a0\u00bb css_animation=\u00a0\u00bb\u00a0\u00bb][vc_column_inner][vc_empty_space][\/vc_column_inner][\/vc_row_inner][\/vc_column][\/vc_row][vc_row row_type=\u00a0\u00bbrow\u00a0\u00bb use_row_as_full_screen_section=\u00a0\u00bbno\u00a0\u00bb type=\u00a0\u00bbfull_width\u00a0\u00bb text_align=\u00a0\u00bbcenter\u00a0\u00bb background_animation=\u00a0\u00bbnone\u00a0\u00bb css_animation=\u00a0\u00bb\u00a0\u00bb][vc_column][vc_single_image image=\u00a0\u00bb322&Prime; img_size=\u00a0\u00bblarge\u00a0\u00bb alignment=\u00a0\u00bbcenter\u00a0\u00bb qode_css_animation=\u00a0\u00bb\u00a0\u00bb][vc_row_inner row_type=\u00a0\u00bbrow\u00a0\u00bb type=\u00a0\u00bbfull_width\u00a0\u00bb use_row_as_full_screen_section_slide=\u00a0\u00bbno\u00a0\u00bb text_align=\u00a0\u00bbleft\u00a0\u00bb css_animation=\u00a0\u00bb\u00a0\u00bb][vc_column_inner][vc_empty_space][\/vc_column_inner][\/vc_row_inner][\/vc_column][\/vc_row][vc_row row_type=\u00a0\u00bbrow\u00a0\u00bb use_row_as_full_screen_section=\u00a0\u00bbno\u00a0\u00bb type=\u00a0\u00bbfull_width\u00a0\u00bb text_align=\u00a0\u00bbleft\u00a0\u00bb background_animation=\u00a0\u00bbnone\u00a0\u00bb css_animation=\u00a0\u00bb\u00a0\u00bb][vc_column][vc_column_text]<!-- wp:image {\"id\":92,\"sizeSlug\":\"large\"} \/--><!-- \/wp:paragraph --><\/p>\n<h2 style=\"text-align: center;\"><!-- wp:image {\"id\":322,\"sizeSlug\":\"large\"} \/-->Avantages de la technique du rythme de saut<\/h2>\n<p>&nbsp;<\/p>\n<p><!-- wp:heading \/--><\/p>\n<p><!-- wp:paragraph -->Parmi les nombreux avantages de cette technique, citons l&rsquo;augmentation de l&rsquo;\u00e9nergie, la pr\u00e9vention des blessures et la r\u00e9cup\u00e9ration, les comp\u00e9tences interdisciplinaires, une meilleure compr\u00e9hension de la musique, et bien d&rsquo;autres choses encore !<\/p>\n<p><!-- \/wp:paragraph --><\/p>\n<p>&nbsp;<\/p>\n<p><!-- wp:heading {\"level\":3} --><\/p>\n<h3>Plus d&rsquo;\u00e9nergie<\/h3>\n<p><!-- \/wp:heading --><\/p>\n<p><!-- wp:paragraph -->Gr\u00e2ce \u00e0 Jump Rhythm, vous d\u00e9couvrirez la fa\u00e7on la plus efficace et la plus naturelle de bouger &#8211; la fa\u00e7on dont le corps VEUT bouger.<br \/>\nLorsque vous bougez de la fa\u00e7on dont votre corps est con\u00e7u, vous ressentez une augmentation naturelle de votre \u00e9nergie.<br \/>\nVous cesserez de d\u00e9penser de l&rsquo;\u00e9nergie en luttant pour mettre votre corps dans certaines positions et pourrez au contraire l&rsquo;utiliser pour exprimer l&rsquo;\u00e9motion et l&rsquo;\u00e9nergie de la musique.  <\/p>\n<p><!-- \/wp:paragraph --><\/p>\n<p>&nbsp;<\/p>\n<p><!-- wp:heading {\"level\":3} --><\/p>\n<h3>Pr\u00e9vention des blessures et r\u00e9cup\u00e9ration<\/h3>\n<p><!-- \/wp:heading --><\/p>\n<p><!-- wp:paragraph -->Une autre corr\u00e9lation directe avec le fait de bouger de la mani\u00e8re dont le corps est construit pour bouger est la pr\u00e9vention naturelle des blessures.<br \/>\nLorsque le poids du corps peut se d\u00e9placer dans l&rsquo;axe de gravit\u00e9, en passant par les articulations et en se dirigeant vers le sol \u00e0 travers les vo\u00fbtes, le corps est libre de r\u00e9agir et de se prot\u00e9ger contre les blessures.<br \/>\nSi vous avez \u00e9t\u00e9 bless\u00e9 ou si vous vous blessez fr\u00e9quemment, la technique du rythme du saut peut vous aider \u00e0 r\u00e9parer et \u00e0 pr\u00e9venir d&rsquo;autres blessures.  <\/p>\n<p><!-- \/wp:paragraph --><\/p>\n<p><!-- wp:paragraph -->La plupart des blessures sont caus\u00e9es par des habitudes.<br \/>\nDes habitudes qui ont \u00e9t\u00e9 renforc\u00e9es par les attentes de la soci\u00e9t\u00e9 et les affectations posturales.<br \/>\nEn \u00e9tudiant la Jump Rhythm Technique, vous d\u00e9couvrez la fa\u00e7on dont le corps est cens\u00e9 bouger, sur la base de l&rsquo;anatomie et de la structure du squelette.<br \/>\nGr\u00e2ce \u00e0 cette approche, vous commencez \u00e0 remplacer les vieilles habitudes inefficaces par de nouvelles habitudes qui encouragent et favorisent la sant\u00e9 et le bien-\u00eatre du corps.   <\/p>\n<p><!-- \/wp:paragraph --><\/p>\n<p>&nbsp;<\/p>\n<p><!-- wp:heading {\"level\":3} --><\/p>\n<h3>Meilleure compr\u00e9hension de la musique<\/h3>\n<p><!-- \/wp:heading --><\/p>\n<p><!-- wp:paragraph -->Le Jump Rhythm Techniques se concentre sur le renforcement de l&rsquo;\u00e9nergie \u00e0 l&rsquo;int\u00e9rieur de nous et son expression \u00e0 l&rsquo;ext\u00e9rieur par le biais du rythme.<br \/>\nAinsi, vous comprendrez mieux les concepts musicaux tels que la synchronisation, la dynamique, le phras\u00e9, le rythme et l&rsquo;expression musicale.<br \/>\nDans Jump Rhythm, vous ne vous contentez pas d&rsquo;\u00e9couter ou de danser avec la musique, vous jouez un r\u00f4le dans sa cr\u00e9ation avec votre corps !<br \/>\nCette concentration sur l&rsquo;expression de l&rsquo;\u00e9nergie par le rythme renforce la compr\u00e9hension de ces concepts musicaux et cr\u00e9e la base pour vous aider \u00e0 bouger avec une plus grande musicalit\u00e9.   <\/p>\n<p><!-- \/wp:paragraph --><\/p>\n<p>&nbsp;<\/p>\n<p><!-- wp:heading {\"level\":3} --><\/p>\n<h3>Comp\u00e9tences transversales<\/h3>\n<p><!-- \/wp:heading --><\/p>\n<p><!-- wp:paragraph -->La Jump Rhythm Technique est une approche unique et innovante du mouvement et de la musique.<br \/>\nVous pouvez r\u00e9colter les m\u00eames b\u00e9n\u00e9fices en termes d&rsquo;\u00e9nergie, de pr\u00e9vention des blessures et de musicalit\u00e9 accrue en incorporant les principes appris dans d&rsquo;autres formes de danse &#8211; ainsi que dans d&rsquo;autres disciplines de performance comme le th\u00e9\u00e2tre.<br \/>\nLa technique Jump Rhythm ne s&rsquo;arr\u00eate pas au jazz et aux claquettes !  <\/p>\n<p><!-- \/wp:paragraph --><\/p>\n<p>&nbsp;<\/p>\n<p>[\/vc_column_text][\/vc_column][\/vc_row]<\/p>\n","protected":false},"excerpt":{"rendered":"<p>[vc_row row_type=\u00a0\u00bbrow\u00a0\u00bb use_row_as_full_screen_section=\u00a0\u00bbno\u00a0\u00bb type=\u00a0\u00bbfull_width\u00a0\u00bb text_align=\u00a0\u00bbcenter\u00a0\u00bb background_animation=\u00a0\u00bbnone\u00a0\u00bb css_animation=\u00a0\u00bb\u00a0\u00bb][vc_column][vc_single_image image=\u00a0\u00bb92&Prime; img_size=\u00a0\u00bbfull\u00a0\u00bb alignment=\u00a0\u00bbcenter\u00a0\u00bb qode_css_animation=\u00a0\u00bb\u00a0\u00bb][\/vc_column][\/vc_row][vc_row row_type=\u00a0\u00bbrow\u00a0\u00bb use_row_as_full_screen_section=\u00a0\u00bbno\u00a0\u00bb type=\u00a0\u00bbgrid\u00a0\u00bb text_align=\u00a0\u00bbleft\u00a0\u00bb background_animation=\u00a0\u00bbnone\u00a0\u00bb css_animation=\u00a0\u00bb\u00a0\u00bb][vc_column][vc_row_inner row_type=\u00a0\u00bbrow\u00a0\u00bb type=\u00a0\u00bbfull_width\u00a0\u00bb use_row_as_full_screen_section_slide=\u00a0\u00bbno\u00a0\u00bb text_align=\u00a0\u00bbleft\u00a0\u00bb css_animation=\u00a0\u00bb\u00a0\u00bb][vc_column_inner][vc_empty_space][\/vc_column_inner][\/vc_row_inner][vc_column_text] Pr\u00e9sentation de la technique du rythme de saut &nbsp; D\u00e9couvrez une nouvelle fa\u00e7on de bouger et de vivre le rythme ! La Jump&#8230;<\/p>\n","protected":false},"author":2,"featured_media":0,"parent":0,"menu_order":0,"comment_status":"closed","ping_status":"closed","template":"","meta":{"footnotes":""},"class_list":["post-883","page","type-page","status-publish","hentry"],"yoast_head":"<!-- This site is optimized with the Yoast SEO plugin v25.3.1 - https:\/\/yoast.com\/wordpress\/plugins\/seo\/ -->\n<title>Technique - Peter Hammer Dance<\/title>\n<meta name=\"robots\" content=\"index, follow, max-snippet:-1, max-image-preview:large, max-video-preview:-1\" \/>\n<link rel=\"canonical\" href=\"https:\/\/www.peterhammerdance.com\/fr\/technique\/\" \/>\n<meta property=\"og:locale\" content=\"fr_FR\" \/>\n<meta property=\"og:type\" content=\"article\" \/>\n<meta property=\"og:title\" content=\"Technique - Peter Hammer Dance\" \/>\n<meta property=\"og:description\" content=\"[vc_row row_type=\u00a0\u00bbrow\u00a0\u00bb use_row_as_full_screen_section=\u00a0\u00bbno\u00a0\u00bb type=\u00a0\u00bbfull_width\u00a0\u00bb text_align=\u00a0\u00bbcenter\u00a0\u00bb background_animation=\u00a0\u00bbnone\u00a0\u00bb css_animation=\u00a0\u00bb\u00a0\u00bb][vc_column][vc_single_image image=\u00a0\u00bb92&Prime; img_size=\u00a0\u00bbfull\u00a0\u00bb alignment=\u00a0\u00bbcenter\u00a0\u00bb qode_css_animation=\u00a0\u00bb\u00a0\u00bb][\/vc_column][\/vc_row][vc_row row_type=\u00a0\u00bbrow\u00a0\u00bb use_row_as_full_screen_section=\u00a0\u00bbno\u00a0\u00bb type=\u00a0\u00bbgrid\u00a0\u00bb text_align=\u00a0\u00bbleft\u00a0\u00bb background_animation=\u00a0\u00bbnone\u00a0\u00bb css_animation=\u00a0\u00bb\u00a0\u00bb][vc_column][vc_row_inner row_type=\u00a0\u00bbrow\u00a0\u00bb type=\u00a0\u00bbfull_width\u00a0\u00bb use_row_as_full_screen_section_slide=\u00a0\u00bbno\u00a0\u00bb text_align=\u00a0\u00bbleft\u00a0\u00bb css_animation=\u00a0\u00bb\u00a0\u00bb][vc_column_inner][vc_empty_space][\/vc_column_inner][\/vc_row_inner][vc_column_text] Pr\u00e9sentation de la technique du rythme de saut &nbsp; D\u00e9couvrez une nouvelle fa\u00e7on de bouger et de vivre le rythme ! La Jump...\" \/>\n<meta property=\"og:url\" content=\"https:\/\/www.peterhammerdance.com\/fr\/technique\/\" \/>\n<meta property=\"og:site_name\" content=\"Peter Hammer Dance\" \/>\n<meta property=\"article:modified_time\" content=\"2024-09-06T11:05:29+00:00\" \/>\n<meta name=\"twitter:card\" content=\"summary_large_image\" \/>\n<meta name=\"twitter:label1\" content=\"Dur\u00e9e de lecture estim\u00e9e\" \/>\n\t<meta name=\"twitter:data1\" content=\"7 minutes\" \/>\n<script type=\"application\/ld+json\" class=\"yoast-schema-graph\">{\"@context\":\"https:\/\/schema.org\",\"@graph\":[{\"@type\":\"WebPage\",\"@id\":\"https:\/\/www.peterhammerdance.com\/fr\/technique\/\",\"url\":\"https:\/\/www.peterhammerdance.com\/fr\/technique\/\",\"name\":\"Technique - Peter Hammer Dance\",\"isPartOf\":{\"@id\":\"https:\/\/www.peterhammerdance.com\/fr\/#website\"},\"datePublished\":\"2018-01-11T11:54:08+00:00\",\"dateModified\":\"2024-09-06T11:05:29+00:00\",\"breadcrumb\":{\"@id\":\"https:\/\/www.peterhammerdance.com\/fr\/technique\/#breadcrumb\"},\"inLanguage\":\"fr-FR\",\"potentialAction\":[{\"@type\":\"ReadAction\",\"target\":[\"https:\/\/www.peterhammerdance.com\/fr\/technique\/\"]}]},{\"@type\":\"BreadcrumbList\",\"@id\":\"https:\/\/www.peterhammerdance.com\/fr\/technique\/#breadcrumb\",\"itemListElement\":[{\"@type\":\"ListItem\",\"position\":1,\"name\":\"Home\",\"item\":\"https:\/\/www.peterhammerdance.com\/fr\/peter-hammer-dance\/\"},{\"@type\":\"ListItem\",\"position\":2,\"name\":\"Technique\"}]},{\"@type\":\"WebSite\",\"@id\":\"https:\/\/www.peterhammerdance.com\/fr\/#website\",\"url\":\"https:\/\/www.peterhammerdance.com\/fr\/\",\"name\":\"Peter Hammer Dance\",\"description\":\"Teaching the Jump Rhythm technique in tap and jazz dance\",\"potentialAction\":[{\"@type\":\"SearchAction\",\"target\":{\"@type\":\"EntryPoint\",\"urlTemplate\":\"https:\/\/www.peterhammerdance.com\/fr\/?s={search_term_string}\"},\"query-input\":{\"@type\":\"PropertyValueSpecification\",\"valueRequired\":true,\"valueName\":\"search_term_string\"}}],\"inLanguage\":\"fr-FR\"}]}<\/script>\n<!-- \/ Yoast SEO plugin. -->","yoast_head_json":{"title":"Technique - Peter Hammer Dance","robots":{"index":"index","follow":"follow","max-snippet":"max-snippet:-1","max-image-preview":"max-image-preview:large","max-video-preview":"max-video-preview:-1"},"canonical":"https:\/\/www.peterhammerdance.com\/fr\/technique\/","og_locale":"fr_FR","og_type":"article","og_title":"Technique - Peter Hammer Dance","og_description":"[vc_row row_type=\u00a0\u00bbrow\u00a0\u00bb use_row_as_full_screen_section=\u00a0\u00bbno\u00a0\u00bb type=\u00a0\u00bbfull_width\u00a0\u00bb text_align=\u00a0\u00bbcenter\u00a0\u00bb background_animation=\u00a0\u00bbnone\u00a0\u00bb css_animation=\u00a0\u00bb\u00a0\u00bb][vc_column][vc_single_image image=\u00a0\u00bb92&Prime; img_size=\u00a0\u00bbfull\u00a0\u00bb alignment=\u00a0\u00bbcenter\u00a0\u00bb qode_css_animation=\u00a0\u00bb\u00a0\u00bb][\/vc_column][\/vc_row][vc_row row_type=\u00a0\u00bbrow\u00a0\u00bb use_row_as_full_screen_section=\u00a0\u00bbno\u00a0\u00bb type=\u00a0\u00bbgrid\u00a0\u00bb text_align=\u00a0\u00bbleft\u00a0\u00bb background_animation=\u00a0\u00bbnone\u00a0\u00bb css_animation=\u00a0\u00bb\u00a0\u00bb][vc_column][vc_row_inner row_type=\u00a0\u00bbrow\u00a0\u00bb type=\u00a0\u00bbfull_width\u00a0\u00bb use_row_as_full_screen_section_slide=\u00a0\u00bbno\u00a0\u00bb text_align=\u00a0\u00bbleft\u00a0\u00bb css_animation=\u00a0\u00bb\u00a0\u00bb][vc_column_inner][vc_empty_space][\/vc_column_inner][\/vc_row_inner][vc_column_text] Pr\u00e9sentation de la technique du rythme de saut &nbsp; D\u00e9couvrez une nouvelle fa\u00e7on de bouger et de vivre le rythme ! La Jump...","og_url":"https:\/\/www.peterhammerdance.com\/fr\/technique\/","og_site_name":"Peter Hammer Dance","article_modified_time":"2024-09-06T11:05:29+00:00","twitter_card":"summary_large_image","twitter_misc":{"Dur\u00e9e de lecture estim\u00e9e":"7 minutes"},"schema":{"@context":"https:\/\/schema.org","@graph":[{"@type":"WebPage","@id":"https:\/\/www.peterhammerdance.com\/fr\/technique\/","url":"https:\/\/www.peterhammerdance.com\/fr\/technique\/","name":"Technique - Peter Hammer Dance","isPartOf":{"@id":"https:\/\/www.peterhammerdance.com\/fr\/#website"},"datePublished":"2018-01-11T11:54:08+00:00","dateModified":"2024-09-06T11:05:29+00:00","breadcrumb":{"@id":"https:\/\/www.peterhammerdance.com\/fr\/technique\/#breadcrumb"},"inLanguage":"fr-FR","potentialAction":[{"@type":"ReadAction","target":["https:\/\/www.peterhammerdance.com\/fr\/technique\/"]}]},{"@type":"BreadcrumbList","@id":"https:\/\/www.peterhammerdance.com\/fr\/technique\/#breadcrumb","itemListElement":[{"@type":"ListItem","position":1,"name":"Home","item":"https:\/\/www.peterhammerdance.com\/fr\/peter-hammer-dance\/"},{"@type":"ListItem","position":2,"name":"Technique"}]},{"@type":"WebSite","@id":"https:\/\/www.peterhammerdance.com\/fr\/#website","url":"https:\/\/www.peterhammerdance.com\/fr\/","name":"Peter Hammer Dance","description":"Teaching the Jump Rhythm technique in tap and jazz dance","potentialAction":[{"@type":"SearchAction","target":{"@type":"EntryPoint","urlTemplate":"https:\/\/www.peterhammerdance.com\/fr\/?s={search_term_string}"},"query-input":{"@type":"PropertyValueSpecification","valueRequired":true,"valueName":"search_term_string"}}],"inLanguage":"fr-FR"}]}},"_links":{"self":[{"href":"https:\/\/www.peterhammerdance.com\/fr\/wp-json\/wp\/v2\/pages\/883","targetHints":{"allow":["GET"]}}],"collection":[{"href":"https:\/\/www.peterhammerdance.com\/fr\/wp-json\/wp\/v2\/pages"}],"about":[{"href":"https:\/\/www.peterhammerdance.com\/fr\/wp-json\/wp\/v2\/types\/page"}],"author":[{"embeddable":true,"href":"https:\/\/www.peterhammerdance.com\/fr\/wp-json\/wp\/v2\/users\/2"}],"replies":[{"embeddable":true,"href":"https:\/\/www.peterhammerdance.com\/fr\/wp-json\/wp\/v2\/comments?post=883"}],"version-history":[{"count":1,"href":"https:\/\/www.peterhammerdance.com\/fr\/wp-json\/wp\/v2\/pages\/883\/revisions"}],"predecessor-version":[{"id":884,"href":"https:\/\/www.peterhammerdance.com\/fr\/wp-json\/wp\/v2\/pages\/883\/revisions\/884"}],"wp:attachment":[{"href":"https:\/\/www.peterhammerdance.com\/fr\/wp-json\/wp\/v2\/media?parent=883"}],"curies":[{"name":"wp","href":"https:\/\/api.w.org\/{rel}","templated":true}]}}